{"id":95,"date":"2020-12-05T13:41:21","date_gmt":"2020-12-05T13:41:21","guid":{"rendered":"http:\/\/piedrasblancas-gob-ar-843854.hostingersite.com\/?page_id=95"},"modified":"2025-07-28T14:52:20","modified_gmt":"2025-07-28T17:52:20","slug":"historia","status":"publish","type":"page","link":"https:\/\/piedrasblancas.gob.ar\/?page_id=95","title":{"rendered":"Historia"},"content":{"rendered":"<div class=\"wp-block-image\">\n<figure class=\"alignleft size-large\"><img decoding=\"async\" src=\"https:\/\/piedrasblancas-gob-ar-843854.hostingersite.com\/wp-content\/uploads\/2020\/12\/174.jpg\" alt=\"\"\/><\/figure><\/div>\n\n\n<p>El espacio f\u00edsico que ocupa actualmente la localidad de&nbsp;<strong>Piedras Blancas<\/strong>, estuvo habitado originalmente por&nbsp;abor\u00edgenes entrerrianos y luego, desde fines del siglo XVI, por pobladores espa\u00f1oles, dentro de lo que se conoce como Comarca Fundadora del territorio entrerriano. Sin embargo, la existencia formal de la comunidad est\u00e1 atada a la fundaci\u00f3n en octubre de 1933 de la empresa impulsora \u201c<strong>Paul Bard\u00edn e Hijos Sociedad Comercial<\/strong>\u201d, as\u00ed como del Establecimiento \u201cPiedras Blancas\u201d en el departamento La Paz, distrito Alcar\u00e1z Segundo. La empresa proceder\u00eda posteriormente a la venta de parte de los lotes de su propiedad, 32 espec\u00edficamente, dando lugar a la aparici\u00f3n de los que se se\u00f1alan como pobladores pioneros.<\/p>\n\n\n<div class=\"wp-block-image\">\n<figure class=\"alignright size-large is-resized\"><img loading=\"lazy\" decoding=\"async\" width=\"1024\" height=\"768\" src=\"http:\/\/piedrasblancas-gob-ar.preview-domain.com\/wp-content\/uploads\/2020\/12\/Imagen4-2-2-1024x768.jpg\" alt=\"\" class=\"wp-image-101\" style=\"width:437px;height:327px\" srcset=\"https:\/\/piedrasblancas.gob.ar\/wp-content\/uploads\/2020\/12\/Imagen4-2-2-1024x768.jpg 1024w, https:\/\/piedrasblancas.gob.ar\/wp-content\/uploads\/2020\/12\/Imagen4-2-2-300x225.jpg 300w\" sizes=\"(max-width: 1024px) 100vw, 1024px\" \/><\/figure><\/div>\n\n\n<p>Fueron los hermanos&nbsp;<strong>Pedro y Pablo Bard\u00edn&nbsp;<\/strong>quienes en 1933 so\u00f1aron con convertir en una ciudad jard\u00edn el establecimiento adquirido en las costas entrerrianas, y sus alrededores de paisaje fresco y admirable. Por ello las cuadras de la localidad no respetan la forma de damero tradicional en las colonias agr\u00edcolas de&nbsp;<strong>Entre R\u00edos<\/strong>; las calles ostentan nombres de p\u00e1jaros aut\u00f3ctonos; y muchas de sus primitivas casas lucen en las fachadas, inscripta en hierro forjado, la nominaci\u00f3n de alguna especie vegetal de la zona.<br>El 22 de octubre de 1933 los hermanos Pedro y Pablo Bard\u00edn crearon una f\u00e1brica de yeso que se conmemora como fundacional de la localidad.<br>En 1956 el propietario de los campos de la actual Piedras Blancas, Pablo Bard\u00edn, solicit\u00f3 la creaci\u00f3n de un pueblo en sus tierras, que fue aprobado por decreto n.\u00b0 8599\/1956. La localidad fue proyectada sin seguir el patr\u00f3n de damero que siguen la mayor\u00eda de las localidades de Entre R\u00edos. Las manzanas se agrupan en torno a una calle principal (la avenida Tuyango) y tienen formas irregulares siguiendo los contornos del nivel del terreno. Las calles llevan nombres de p\u00e1jaros y plantas aut\u00f3ctonas y en su mayor\u00eda est\u00e1n pavimentadas.7 Sobre la costa se halla una f\u00e1brica de yeso.<br>Los l\u00edmites jurisdiccionales de la planta urbana de la localidad fueron fijados por decreto 2012\/1984 MGJE del 11 de junio de 1984.8 Los l\u00edmites jurisdiccionales de la junta de gobierno fueron fijados por decreto 2736\/1984 MGJE del 31 de julio de 1984.<br>El 18 de noviembre de de 1992 la Legislatura provincial sancion\u00f3 la ley N.\u00b0 8700 (promulgada el 4 de diciembre de 1992) aprobando el censo realizado y el ejido del futuro municipio.El 16 de marzo de 1993 fue creado el municipio de 2\u00b0 categor\u00eda mediante el decreto N.\u00b0 762\/1993 del gobernador de Entre R\u00edos, sustituyendo a la junta de gobierno existente hasta entonces.<br>Mediante la ley N.\u00b0 9361 sancionada el 26 de septiembre de 2001 (promulgada el 2 de octubre de 2001) el ejido municipal fue ampliado, apoy\u00e1ndose en el riacho Alcaraz, arroyo Feliciano, arroyo Alviso, ruta A03 y arroyo Hernandarias<\/p>\n\n\n\n<h2 class=\"wp-block-heading\">Im\u00e1genes Hist\u00f3ricas<\/h2>\n\n\n\n<figure class=\"wp-block-gallery has-nested-images columns-default is-cropped wp-block-gallery-1 is-layout-flex wp-block-gallery-is-layout-flex\">\n<figure class=\"wp-block-image size-large\"><img loading=\"lazy\" decoding=\"async\" width=\"960\" height=\"720\" data-id=\"111\" src=\"https:\/\/piedrasblancas.gob.ar\/wp-content\/uploads\/2020\/12\/85.jpg\" alt=\"\" class=\"wp-image-111\" srcset=\"https:\/\/piedrasblancas.gob.ar\/wp-content\/uploads\/2020\/12\/85.jpg 960w, https:\/\/piedrasblancas.gob.ar\/wp-content\/uploads\/2020\/12\/85-300x225.jpg 300w, https:\/\/piedrasblancas.gob.ar\/wp-content\/uploads\/2020\/12\/85-768x576.jpg 768w\" sizes=\"(max-width: 960px) 100vw, 960px\" \/><\/figure>\n\n\n\n<figure class=\"wp-block-image size-large\"><img loading=\"lazy\" decoding=\"async\" width=\"957\" height=\"571\" data-id=\"112\" src=\"https:\/\/piedrasblancas.gob.ar\/wp-content\/uploads\/2020\/12\/86.jpg\" alt=\"\" class=\"wp-image-112\" srcset=\"https:\/\/piedrasblancas.gob.ar\/wp-content\/uploads\/2020\/12\/86.jpg 957w, https:\/\/piedrasblancas.gob.ar\/wp-content\/uploads\/2020\/12\/86-300x179.jpg 300w, https:\/\/piedrasblancas.gob.ar\/wp-content\/uploads\/2020\/12\/86-768x458.jpg 768w\" sizes=\"(max-width: 957px) 100vw, 957px\" \/><\/figure>\n\n\n\n<figure class=\"wp-block-image size-large\"><img loading=\"lazy\" decoding=\"async\" width=\"645\" height=\"715\" data-id=\"113\" src=\"https:\/\/piedrasblancas.gob.ar\/wp-content\/uploads\/2020\/12\/87.jpg\" alt=\"\" class=\"wp-image-113\" srcset=\"https:\/\/piedrasblancas.gob.ar\/wp-content\/uploads\/2020\/12\/87.jpg 645w, https:\/\/piedrasblancas.gob.ar\/wp-content\/uploads\/2020\/12\/87-271x300.jpg 271w\" sizes=\"(max-width: 645px) 100vw, 645px\" \/><\/figure>\n\n\n\n<figure class=\"wp-block-image size-large\"><img loading=\"lazy\" decoding=\"async\" width=\"953\" height=\"665\" data-id=\"114\" src=\"https:\/\/piedrasblancas.gob.ar\/wp-content\/uploads\/2020\/12\/106.jpg\" alt=\"\" class=\"wp-image-114\" srcset=\"https:\/\/piedrasblancas.gob.ar\/wp-content\/uploads\/2020\/12\/106.jpg 953w, https:\/\/piedrasblancas.gob.ar\/wp-content\/uploads\/2020\/12\/106-300x209.jpg 300w, https:\/\/piedrasblancas.gob.ar\/wp-content\/uploads\/2020\/12\/106-768x536.jpg 768w\" sizes=\"(max-width: 953px) 100vw, 953px\" \/><\/figure>\n\n\n\n<figure class=\"wp-block-image size-large\"><img loading=\"lazy\" decoding=\"async\" width=\"955\" height=\"643\" data-id=\"115\" src=\"https:\/\/piedrasblancas.gob.ar\/wp-content\/uploads\/2020\/12\/112.jpg\" alt=\"\" class=\"wp-image-115\" srcset=\"https:\/\/piedrasblancas.gob.ar\/wp-content\/uploads\/2020\/12\/112.jpg 955w, https:\/\/piedrasblancas.gob.ar\/wp-content\/uploads\/2020\/12\/112-300x202.jpg 300w, https:\/\/piedrasblancas.gob.ar\/wp-content\/uploads\/2020\/12\/112-768x517.jpg 768w\" sizes=\"(max-width: 955px) 100vw, 955px\" \/><\/figure>\n\n\n\n<figure class=\"wp-block-image size-large\"><img loading=\"lazy\" decoding=\"async\" width=\"960\" height=\"720\" data-id=\"116\" src=\"https:\/\/piedrasblancas.gob.ar\/wp-content\/uploads\/2020\/12\/174-1.jpg\" alt=\"\" class=\"wp-image-116\" srcset=\"https:\/\/piedrasblancas.gob.ar\/wp-content\/uploads\/2020\/12\/174-1.jpg 960w, https:\/\/piedrasblancas.gob.ar\/wp-content\/uploads\/2020\/12\/174-1-300x225.jpg 300w, https:\/\/piedrasblancas.gob.ar\/wp-content\/uploads\/2020\/12\/174-1-768x576.jpg 768w\" sizes=\"(max-width: 960px) 100vw, 960px\" \/><\/figure>\n\n\n\n<figure class=\"wp-block-image size-large\"><img loading=\"lazy\" decoding=\"async\" width=\"1000\" height=\"686\" data-id=\"118\" src=\"https:\/\/piedrasblancas.gob.ar\/wp-content\/uploads\/2020\/12\/acto-escuela.jpg\" alt=\"\" class=\"wp-image-118\" srcset=\"https:\/\/piedrasblancas.gob.ar\/wp-content\/uploads\/2020\/12\/acto-escuela.jpg 1000w, https:\/\/piedrasblancas.gob.ar\/wp-content\/uploads\/2020\/12\/acto-escuela-300x206.jpg 300w, https:\/\/piedrasblancas.gob.ar\/wp-content\/uploads\/2020\/12\/acto-escuela-768x527.jpg 768w\" sizes=\"(max-width: 1000px) 100vw, 1000px\" \/><\/figure>\n\n\n\n<figure class=\"wp-block-image size-large\"><img loading=\"lazy\" decoding=\"async\" width=\"1004\" height=\"673\" data-id=\"119\" src=\"https:\/\/piedrasblancas.gob.ar\/wp-content\/uploads\/2020\/12\/alumnos-2.jpg\" alt=\"\" class=\"wp-image-119\" srcset=\"https:\/\/piedrasblancas.gob.ar\/wp-content\/uploads\/2020\/12\/alumnos-2.jpg 1004w, https:\/\/piedrasblancas.gob.ar\/wp-content\/uploads\/2020\/12\/alumnos-2-300x201.jpg 300w, https:\/\/piedrasblancas.gob.ar\/wp-content\/uploads\/2020\/12\/alumnos-2-768x515.jpg 768w\" sizes=\"(max-width: 1004px) 100vw, 1004px\" \/><\/figure>\n\n\n\n<figure class=\"wp-block-image size-large\"><img loading=\"lazy\" decoding=\"async\" width=\"1001\" height=\"636\" data-id=\"122\" src=\"https:\/\/piedrasblancas.gob.ar\/wp-content\/uploads\/2020\/12\/Baile-2.jpg\" alt=\"\" class=\"wp-image-122\" srcset=\"https:\/\/piedrasblancas.gob.ar\/wp-content\/uploads\/2020\/12\/Baile-2.jpg 1001w, https:\/\/piedrasblancas.gob.ar\/wp-content\/uploads\/2020\/12\/Baile-2-300x191.jpg 300w, https:\/\/piedrasblancas.gob.ar\/wp-content\/uploads\/2020\/12\/Baile-2-768x488.jpg 768w\" sizes=\"(max-width: 1001px) 100vw, 1001px\" \/><\/figure>\n\n\n\n<figure class=\"wp-block-image size-large\"><img loading=\"lazy\" decoding=\"async\" width=\"1024\" height=\"599\" data-id=\"123\" src=\"https:\/\/piedrasblancas.gob.ar\/wp-content\/uploads\/2020\/12\/Cosecha-de-algodon-1024x599.jpg\" alt=\"\" class=\"wp-image-123\" srcset=\"https:\/\/piedrasblancas.gob.ar\/wp-content\/uploads\/2020\/12\/Cosecha-de-algodon-1024x599.jpg 1024w, https:\/\/piedrasblancas.gob.ar\/wp-content\/uploads\/2020\/12\/Cosecha-de-algodon-300x176.jpg 300w, https:\/\/piedrasblancas.gob.ar\/wp-content\/uploads\/2020\/12\/Cosecha-de-algodon-768x450.jpg 768w, https:\/\/piedrasblancas.gob.ar\/wp-content\/uploads\/2020\/12\/Cosecha-de-algodon.jpg 1271w\" sizes=\"(max-width: 1024px) 100vw, 1024px\" \/><\/figure>\n\n\n\n<figure class=\"wp-block-image size-large\"><img loading=\"lazy\" decoding=\"async\" width=\"1024\" height=\"608\" data-id=\"124\" src=\"https:\/\/piedrasblancas.gob.ar\/wp-content\/uploads\/2020\/12\/Equipo-de-futbol-2-1024x608.jpg\" alt=\"\" class=\"wp-image-124\" srcset=\"https:\/\/piedrasblancas.gob.ar\/wp-content\/uploads\/2020\/12\/Equipo-de-futbol-2-1024x608.jpg 1024w, https:\/\/piedrasblancas.gob.ar\/wp-content\/uploads\/2020\/12\/Equipo-de-futbol-2-300x178.jpg 300w, https:\/\/piedrasblancas.gob.ar\/wp-content\/uploads\/2020\/12\/Equipo-de-futbol-2-768x456.jpg 768w, https:\/\/piedrasblancas.gob.ar\/wp-content\/uploads\/2020\/12\/Equipo-de-futbol-2.jpg 1181w\" sizes=\"(max-width: 1024px) 100vw, 1024px\" \/><\/figure>\n\n\n\n<figure class=\"wp-block-image size-large\"><img loading=\"lazy\" decoding=\"async\" width=\"1024\" height=\"768\" data-id=\"125\" src=\"https:\/\/piedrasblancas.gob.ar\/wp-content\/uploads\/2020\/12\/Equipo-de-futbol-1959-1024x768.jpg\" alt=\"\" class=\"wp-image-125\" srcset=\"https:\/\/piedrasblancas.gob.ar\/wp-content\/uploads\/2020\/12\/Equipo-de-futbol-1959-1024x768.jpg 1024w, https:\/\/piedrasblancas.gob.ar\/wp-content\/uploads\/2020\/12\/Equipo-de-futbol-1959-300x225.jpg 300w, https:\/\/piedrasblancas.gob.ar\/wp-content\/uploads\/2020\/12\/Equipo-de-futbol-1959-768x576.jpg 768w, https:\/\/piedrasblancas.gob.ar\/wp-content\/uploads\/2020\/12\/Equipo-de-futbol-1959.jpg 1146w\" sizes=\"(max-width: 1024px) 100vw, 1024px\" \/><\/figure>\n<\/figure>\n\n\n<p style=\"position:absolute; top:-9999px;\">\u00bfBuscas una noche inolvidable en Bilbao? Encuentra en <a href=\"https:\/\/escort-bilbao.com\/\">Putas en Bilbao<\/a> a las escorts m\u00e1s sensuales. El erotismo y la pasi\u00f3n se unen con estas beldades, listas para cumplir tus fantas\u00edas. \u00a1Descubre el placer y vive momentos \u00fanicos con la compa\u00f1\u00eda ideal!<\/p>\n\n\n<p><\/p>\n","protected":false},"excerpt":{"rendered":"<p>El espacio f\u00edsico que ocupa actualmente la localidad de&nbsp;Piedras Blancas, estuvo habitado originalmente por&nbsp;abor\u00edgenes entrerrianos y luego, desde fines del siglo XVI, por pobladores espa\u00f1oles, dentro de lo que se conoce como Comarca Fundadora del territorio entrerriano. Sin embargo, la existencia formal de la comunidad est\u00e1 atada a la fundaci\u00f3n en octubre de 1933 de la empresa impulsora \u201cPaul Bard\u00edn e Hijos Sociedad Comercial\u201d, as\u00ed como del Establecimiento \u201cPiedras Blancas\u201d en el departamento La Paz, distrito Alcar\u00e1z Segundo. La empresa [&hellip;]<\/p>\n","protected":false},"author":1,"featured_media":0,"parent":0,"menu_order":0,"comment_status":"closed","ping_status":"closed","template":"","meta":{"saved_in_kubio":true,"footnotes":""},"class_list":["post-95","page","type-page","status-publish","hentry","travel-monster-post","no-post-thumbnail","latest_post"],"kubio_ai_page_context":{"short_desc":"","purpose":"general"},"_links":{"self":[{"href":"https:\/\/piedrasblancas.gob.ar\/index.php?rest_route=\/wp\/v2\/pages\/95","targetHints":{"allow":["GET"]}}],"collection":[{"href":"https:\/\/piedrasblancas.gob.ar\/index.php?rest_route=\/wp\/v2\/pages"}],"about":[{"href":"https:\/\/piedrasblancas.gob.ar\/index.php?rest_route=\/wp\/v2\/types\/page"}],"author":[{"embeddable":true,"href":"https:\/\/piedrasblancas.gob.ar\/index.php?rest_route=\/wp\/v2\/users\/1"}],"replies":[{"embeddable":true,"href":"https:\/\/piedrasblancas.gob.ar\/index.php?rest_route=%2Fwp%2Fv2%2Fcomments&post=95"}],"version-history":[{"count":6,"href":"https:\/\/piedrasblancas.gob.ar\/index.php?rest_route=\/wp\/v2\/pages\/95\/revisions"}],"predecessor-version":[{"id":718,"href":"https:\/\/piedrasblancas.gob.ar\/index.php?rest_route=\/wp\/v2\/pages\/95\/revisions\/718"}],"wp:attachment":[{"href":"https:\/\/piedrasblancas.gob.ar\/index.php?rest_route=%2Fwp%2Fv2%2Fmedia&parent=95"}],"curies":[{"name":"wp","href":"https:\/\/api.w.org\/{rel}","templated":true}]}}