{"id":21,"date":"2020-12-04T22:45:09","date_gmt":"2020-12-04T22:45:09","guid":{"rendered":"http:\/\/piedrasblancas-gob-ar-843854.hostingersite.com\/?page_id=21"},"modified":"2023-12-22T11:11:25","modified_gmt":"2023-12-22T14:11:25","slug":"concejo-deliberante","status":"publish","type":"page","link":"https:\/\/piedrasblancas.gob.ar\/?page_id=21","title":{"rendered":"Autoridades"},"content":{"rendered":"\n<h2 class=\"wp-block-heading\">Autoridades \/ Comisiones<\/h2>\n\n\n\n<p><strong>PRESIDENTA CONCEJO DELIBERANTE<br><\/strong>Ibarra Mar\u00eda Laura<\/p>\n\n\n\n<p><strong>VICEPRESIDENTE PRIMERO<\/strong><br>weisheim Leonel<\/p>\n\n\n\n<p><strong>VICEPRESIDENTE SEGUNDO<\/strong><br>Altamirano Daniel<br>____________________________________________________________________________<\/p>\n\n\n\n<p><strong>CONCEJALES<\/strong><br>Weisheim Leonel<br>Almada Jesica<br>Vilches Adri\u00e1n<br>Lechman Lourdes<br>Altamirano Daniel<br>M\u00e9ndez Griselda<br>Rosalez Mat\u00edas<\/p>\n\n\n\n<p>____________________________________________________________________________<br><strong><br>COMISIONES<\/strong><br><strong>\u2013 De Gobierno, Legislaci\u00f3n Municipal y Acci\u00f3n Social<\/strong><br>Almada Jesica<br>Lechman Lourdes<br>M\u00e9ndez Griselda<\/p>\n\n\n\n<p><strong>\u2013 De Hacienda y Presupuesto<\/strong><br>Weisheim Leonel<br>Vilches Adri\u00e1n <br>M\u00e9ndez Griselda<\/p>\n\n\n\n<p><strong>\u2013 De Obras P\u00fablicas y\u00a0Planeamiento<br><\/strong>Vilches Adri\u00e1n <br>Weisheim Leonel<br>Altamirano Daniel<\/p>\n\n\n\n<p><strong>\u2013 De Educaci\u00f3n, Deportes, Cultura, Recreaci\u00f3n y Turismo<br><\/strong>Lechman Lourdes <br>Almada Jesica<br>Rosalez Mat\u00edas<\/p>\n\n\n\n<p>__________________________________________________________________________<\/p>\n\n\n\n<p><\/p>\n","protected":false},"excerpt":{"rendered":"<p>Autoridades \/ Comisiones PRESIDENTA CONCEJO DELIBERANTEIbarra Mar\u00eda Laura VICEPRESIDENTE PRIMEROweisheim Leonel VICEPRESIDENTE SEGUNDOAltamirano Daniel____________________________________________________________________________ CONCEJALESWeisheim LeonelAlmada JesicaVilches Adri\u00e1nLechman LourdesAltamirano DanielM\u00e9ndez GriseldaRosalez Mat\u00edas ____________________________________________________________________________COMISIONES\u2013 De Gobierno, Legislaci\u00f3n Municipal y Acci\u00f3n SocialAlmada JesicaLechman LourdesM\u00e9ndez Griselda \u2013 De Hacienda y PresupuestoWeisheim LeonelVilches Adri\u00e1n M\u00e9ndez Griselda \u2013 De Obras P\u00fablicas y\u00a0PlaneamientoVilches Adri\u00e1n Weisheim LeonelAltamirano Daniel \u2013 De Educaci\u00f3n, Deportes, Cultura, Recreaci\u00f3n y TurismoLechman Lourdes Almada JesicaRosalez Mat\u00edas __________________________________________________________________________<\/p>\n","protected":false},"author":1,"featured_media":0,"parent":0,"menu_order":0,"comment_status":"closed","ping_status":"closed","template":"","meta":{"saved_in_kubio":false,"footnotes":""},"class_list":["post-21","page","type-page","status-publish","hentry","travel-monster-post","no-post-thumbnail","latest_post"],"kubio_ai_page_context":{"short_desc":"","purpose":"general"},"_links":{"self":[{"href":"https:\/\/piedrasblancas.gob.ar\/index.php?rest_route=\/wp\/v2\/pages\/21","targetHints":{"allow":["GET"]}}],"collection":[{"href":"https:\/\/piedrasblancas.gob.ar\/index.php?rest_route=\/wp\/v2\/pages"}],"about":[{"href":"https:\/\/piedrasblancas.gob.ar\/index.php?rest_route=\/wp\/v2\/types\/page"}],"author":[{"embeddable":true,"href":"https:\/\/piedrasblancas.gob.ar\/index.php?rest_route=\/wp\/v2\/users\/1"}],"replies":[{"embeddable":true,"href":"https:\/\/piedrasblancas.gob.ar\/index.php?rest_route=%2Fwp%2Fv2%2Fcomments&post=21"}],"version-history":[{"count":5,"href":"https:\/\/piedrasblancas.gob.ar\/index.php?rest_route=\/wp\/v2\/pages\/21\/revisions"}],"predecessor-version":[{"id":2221,"href":"https:\/\/piedrasblancas.gob.ar\/index.php?rest_route=\/wp\/v2\/pages\/21\/revisions\/2221"}],"wp:attachment":[{"href":"https:\/\/piedrasblancas.gob.ar\/index.php?rest_route=%2Fwp%2Fv2%2Fmedia&parent=21"}],"curies":[{"name":"wp","href":"https:\/\/api.w.org\/{rel}","templated":true}]}}