{"id":1647,"date":"2022-10-05T12:18:36","date_gmt":"2022-10-05T15:18:36","guid":{"rendered":"https:\/\/piedrasblancas-gob-ar-843854.hostingersite.com\/?page_id=1647"},"modified":"2022-10-11T08:18:00","modified_gmt":"2022-10-11T11:18:00","slug":"reciclamos-2","status":"publish","type":"page","link":"https:\/\/piedrasblancas.gob.ar\/?page_id=1647","title":{"rendered":"Reciclamos"},"content":{"rendered":"\n<figure class=\"wp-block-image alignfull size-large\"><img loading=\"lazy\" decoding=\"async\" width=\"1024\" height=\"576\" src=\"https:\/\/piedrasblancas-gob-ar-843854.hostingersite.com\/wp-content\/uploads\/2022\/10\/Recicla-1024x576.jpg\" alt=\"\" class=\"wp-image-1653\" srcset=\"https:\/\/piedrasblancas.gob.ar\/wp-content\/uploads\/2022\/10\/Recicla-1024x576.jpg 1024w, https:\/\/piedrasblancas.gob.ar\/wp-content\/uploads\/2022\/10\/Recicla-300x169.jpg 300w, https:\/\/piedrasblancas.gob.ar\/wp-content\/uploads\/2022\/10\/Recicla-768x432.jpg 768w, https:\/\/piedrasblancas.gob.ar\/wp-content\/uploads\/2022\/10\/Recicla.jpg 1280w\" sizes=\"(max-width: 1024px) 100vw, 1024px\" \/><\/figure>\n\n\n\n<p>El reciclaje es el proceso de recolecci\u00f3n y transformaci\u00f3n de materiales para convertirlos en nuevos productos, y que de otro modo ser\u00edan desechados como basura.<br>En nuestra localidad no contamos con la infraestructura necesaria para reciclar, es por eso que lo que se realiza es la separaci\u00f3n y clasificaci\u00f3n de los distintos tipos de materiales reciclables para luego ser llevados a su destino de tratamiento.<\/p>\n\n\n\n<div class=\"wp-block-image is-style-rounded\"><figure class=\"aligncenter size-full is-resized\"><a href=\"https:\/\/piedrasblancas-gob-ar-843854.hostingersite.com\/?page_id=1597\"><img loading=\"lazy\" decoding=\"async\" src=\"https:\/\/piedrasblancas-gob-ar-843854.hostingersite.com\/wp-content\/uploads\/2022\/09\/separamos.png\" alt=\"\" class=\"wp-image-1588\" width=\"139\" height=\"111\" srcset=\"https:\/\/piedrasblancas.gob.ar\/wp-content\/uploads\/2022\/09\/separamos.png 901w, https:\/\/piedrasblancas.gob.ar\/wp-content\/uploads\/2022\/09\/separamos-300x240.png 300w, https:\/\/piedrasblancas.gob.ar\/wp-content\/uploads\/2022\/09\/separamos-768x614.png 768w\" sizes=\"(max-width: 139px) 100vw, 139px\" \/><\/a><\/figure><\/div>\n\n\n\n<hr class=\"wp-block-separator\"\/>\n\n\n\n<div class=\"wp-block-image is-style-rounded\"><figure class=\"aligncenter size-full is-resized\"><a href=\"https:\/\/piedrasblancas-gob-ar-843854.hostingersite.com\/?page_id=1603\"><img loading=\"lazy\" decoding=\"async\" src=\"https:\/\/piedrasblancas-gob-ar-843854.hostingersite.com\/wp-content\/uploads\/2022\/09\/compostamos.png\" alt=\"\" class=\"wp-image-1591\" width=\"138\" height=\"111\" srcset=\"https:\/\/piedrasblancas.gob.ar\/wp-content\/uploads\/2022\/09\/compostamos.png 901w, https:\/\/piedrasblancas.gob.ar\/wp-content\/uploads\/2022\/09\/compostamos-300x240.png 300w, https:\/\/piedrasblancas.gob.ar\/wp-content\/uploads\/2022\/09\/compostamos-768x614.png 768w\" sizes=\"(max-width: 138px) 100vw, 138px\" \/><\/a><\/figure><\/div>\n\n\n\n<p><\/p>\n","protected":false},"excerpt":{"rendered":"<p>El reciclaje es el proceso de recolecci\u00f3n y transformaci\u00f3n de materiales para convertirlos en nuevos productos, y que de otro modo ser\u00edan desechados como basura.En nuestra localidad no contamos con la infraestructura necesaria para reciclar, es por eso que lo que se realiza es la separaci\u00f3n y clasificaci\u00f3n de los distintos tipos de materiales reciclables para luego ser llevados a su destino de tratamiento.<\/p>\n","protected":false},"author":1,"featured_media":0,"parent":0,"menu_order":0,"comment_status":"closed","ping_status":"closed","template":"","meta":{"saved_in_kubio":false,"footnotes":""},"class_list":["post-1647","page","type-page","status-publish","hentry","travel-monster-post","no-post-thumbnail","latest_post"],"kubio_ai_page_context":{"short_desc":"","purpose":"general"},"_links":{"self":[{"href":"https:\/\/piedrasblancas.gob.ar\/index.php?rest_route=\/wp\/v2\/pages\/1647","targetHints":{"allow":["GET"]}}],"collection":[{"href":"https:\/\/piedrasblancas.gob.ar\/index.php?rest_route=\/wp\/v2\/pages"}],"about":[{"href":"https:\/\/piedrasblancas.gob.ar\/index.php?rest_route=\/wp\/v2\/types\/page"}],"author":[{"embeddable":true,"href":"https:\/\/piedrasblancas.gob.ar\/index.php?rest_route=\/wp\/v2\/users\/1"}],"replies":[{"embeddable":true,"href":"https:\/\/piedrasblancas.gob.ar\/index.php?rest_route=%2Fwp%2Fv2%2Fcomments&post=1647"}],"version-history":[{"count":5,"href":"https:\/\/piedrasblancas.gob.ar\/index.php?rest_route=\/wp\/v2\/pages\/1647\/revisions"}],"predecessor-version":[{"id":1665,"href":"https:\/\/piedrasblancas.gob.ar\/index.php?rest_route=\/wp\/v2\/pages\/1647\/revisions\/1665"}],"wp:attachment":[{"href":"https:\/\/piedrasblancas.gob.ar\/index.php?rest_route=%2Fwp%2Fv2%2Fmedia&parent=1647"}],"curies":[{"name":"wp","href":"https:\/\/api.w.org\/{rel}","templated":true}]}}