{"id":105,"date":"2020-12-05T14:11:33","date_gmt":"2020-12-05T14:11:33","guid":{"rendered":"http:\/\/piedrasblancas-gob-ar-843854.hostingersite.com\/?page_id=105"},"modified":"2024-07-07T22:23:51","modified_gmt":"2024-07-08T01:23:51","slug":"donde-estamos","status":"publish","type":"page","link":"https:\/\/piedrasblancas.gob.ar\/?page_id=105","title":{"rendered":"Como llegar a Piedras Blancas"},"content":{"rendered":"<iframe loading=\"lazy\"\n\t\t\t\t\tsrc=\"https:\/\/maps.google.com\/maps?q=Piedras%20Blancas%2C%20Entre%20%20R%C3%ADos&#038;t=m&#038;z=10&#038;output=embed&#038;iwloc=near\"\n\t\t\t\t\ttitle=\"Piedras Blancas, Entre  R\u00edos\"\n\t\t\t\t\taria-label=\"Piedras Blancas, Entre  R\u00edos\"\n\t\t\t><\/iframe>\n\t\t<p>C\u00f3mo llegar a Piedras Blancas<br><\/p>\n<p><!-- \/wp:post-content --><\/p>\n<p><!-- wp:paragraph --><\/p>\n<p><strong>Coordenadas GPS de Piedras Blancas:<br>31\u00b011\u203211\u2033S y 59\u00b057\u203209\u2033W<\/strong><\/p>\n<p><!-- \/wp:paragraph --><\/p>\n<p><!-- wp:paragraph --><\/p>\n<p><!-- \/wp:paragraph --><\/p>\n<p><!-- wp:paragraph --><\/p>\n<p><strong>Piedras Blancas<\/strong>&nbsp;es un municipio ubicado en el&nbsp;distrito Alcaraz 2\u00b0&nbsp;del&nbsp;departamento La Paz&nbsp;en el oeste de la&nbsp;provincia de Entre R\u00edos,&nbsp;Rep\u00fablica Argentina. El&nbsp;ejido&nbsp;del municipio comprende la&nbsp;localidad&nbsp;del mismo nombre y un \u00e1rea rural. Se encuentra a 81 km en l\u00ednea recta de la ciudad de&nbsp;Paran\u00e1, capital de la provincia (107 km por ruta).<\/p>\n<p><!-- \/wp:paragraph --><\/p>\n<p><!-- wp:paragraph --><\/p>\n<p>La localidad de Piedras Blancas se encuentra ubicada sobre las barrancas de la margen izquierda del&nbsp;r\u00edo Paran\u00e1&nbsp;entre la desembocadura del riacho Alcaraz al norte (brazo del Paran\u00e1 que recibe las aguas del&nbsp;arroyo Feliciano&nbsp;y forma las islas Alcaraz) y la desembocadura del&nbsp;arroyo Hernandarias&nbsp;al sur.<\/p>\n<p><!-- \/wp:paragraph --><\/p>\n<p><!-- wp:paragraph --><\/p>\n<p>El principal acceso a Piedras Blancas es la ruta provincial A03, que es un camino pavimentado de 12 km que comunica con la ruta provincial N\u00b0 7. Est\u00e1 \u00faltima ruta, a 10 km, se intersecta con la&nbsp;Ruta Nacional 12<\/p>\n<p><!-- \/wp:paragraph --><\/p>\n<p><!-- wp:paragraph --><\/p>\n<p><!-- \/wp:paragraph --><\/p>\n<p><!-- wp:heading --><\/p>\n<h4>Accesos y Rutas a Piedras Blancas<\/h4>\n<p><!-- \/wp:heading --><\/p>\n<p><!-- wp:paragraph --><\/p>\n<p><strong>Desde Capital Federal y Gran Buenos Aires:<\/strong>&nbsp;La principal v\u00eda de comunicaci\u00f3n terrestre hacia Piedras Blancas es la RN 12, la que se conecta luego con la RP 7 hacia el oeste, para culminar el recorrido por la A03.<\/p>\n<p><!-- \/wp:paragraph --><\/p>\n<p><!-- wp:paragraph --><\/p>\n<p><strong>Desde Paran\u00e1:<\/strong>&nbsp;Existen otras vinculaciones que hacen m\u00e1s corto al trayecto. Esta alternativa se\u00f1ala el punto de partida por la RN 12 hacia el norte, para tomar posteriormente, a la altura de Cerrito, la RP 8, pasando por la ciudad de Hernandarias y cerrando el recorrido por RP 7 y A03.<\/p>\n<p><!-- \/wp:paragraph --><\/p>","protected":false},"excerpt":{"rendered":"<p>C\u00f3mo llegar a Piedras Blancas Coordenadas GPS de Piedras Blancas:31\u00b011\u203211\u2033S y 59\u00b057\u203209\u2033W Piedras Blancas&nbsp;es un municipio ubicado en el&nbsp;distrito Alcaraz 2\u00b0&nbsp;del&nbsp;departamento La Paz&nbsp;en el oeste de la&nbsp;provincia de Entre R\u00edos,&nbsp;Rep\u00fablica Argentina. El&nbsp;ejido&nbsp;del municipio comprende la&nbsp;localidad&nbsp;del mismo nombre y un \u00e1rea rural. Se encuentra a 81 km en l\u00ednea recta de la ciudad de&nbsp;Paran\u00e1, capital de la provincia (107 km por ruta). La localidad de Piedras Blancas se encuentra ubicada sobre las barrancas de la margen izquierda del&nbsp;r\u00edo Paran\u00e1&nbsp;entre la desembocadura [&hellip;]<\/p>\n","protected":false},"author":1,"featured_media":0,"parent":0,"menu_order":0,"comment_status":"closed","ping_status":"closed","template":"","meta":{"saved_in_kubio":true,"footnotes":""},"class_list":["post-105","page","type-page","status-publish","hentry","travel-monster-post","no-post-thumbnail","latest_post"],"kubio_ai_page_context":{"short_desc":"","purpose":"general"},"_links":{"self":[{"href":"https:\/\/piedrasblancas.gob.ar\/index.php?rest_route=\/wp\/v2\/pages\/105","targetHints":{"allow":["GET"]}}],"collection":[{"href":"https:\/\/piedrasblancas.gob.ar\/index.php?rest_route=\/wp\/v2\/pages"}],"about":[{"href":"https:\/\/piedrasblancas.gob.ar\/index.php?rest_route=\/wp\/v2\/types\/page"}],"author":[{"embeddable":true,"href":"https:\/\/piedrasblancas.gob.ar\/index.php?rest_route=\/wp\/v2\/users\/1"}],"replies":[{"embeddable":true,"href":"https:\/\/piedrasblancas.gob.ar\/index.php?rest_route=%2Fwp%2Fv2%2Fcomments&post=105"}],"version-history":[{"count":13,"href":"https:\/\/piedrasblancas.gob.ar\/index.php?rest_route=\/wp\/v2\/pages\/105\/revisions"}],"predecessor-version":[{"id":3810,"href":"https:\/\/piedrasblancas.gob.ar\/index.php?rest_route=\/wp\/v2\/pages\/105\/revisions\/3810"}],"wp:attachment":[{"href":"https:\/\/piedrasblancas.gob.ar\/index.php?rest_route=%2Fwp%2Fv2%2Fmedia&parent=105"}],"curies":[{"name":"wp","href":"https:\/\/api.w.org\/{rel}","templated":true}]}}